{"id":445,"date":"2023-02-17T08:10:16","date_gmt":"2023-02-17T08:10:16","guid":{"rendered":"https:\/\/cellercataruz.com\/cookie-policy\/"},"modified":"2024-09-18T16:09:37","modified_gmt":"2024-09-18T16:09:37","slug":"cookie-policy","status":"publish","type":"page","link":"https:\/\/cellercataruz.com\/en\/cookie-policy\/","title":{"rendered":"Cookie Policy"},"content":{"rendered":"\n<h3 class=\"wp-block-heading has-x-large-font-size\" id=\"politica-de-cookies-ue\">COOKIE POLICY (EU)<\/h3>\n\n\n\n<p>This cookie policy was last updated on 7 March 2022 and applies to citizens and permanent legal residents of the European Economic Area.<\/p>\n\n\n\n<ol class=\"wp-block-list\">\n<li><strong>Introduction<\/strong><\/li>\n<\/ol>\n\n\n\n<p>Our website, www.cellercataruz.com (hereinafter: \u2018the Website\u2019) uses cookies and other related technologies (for convenience, all technologies are referred to as \u2018cookies\u2019). Cookies are also placed by third parties with whom we have contracted. In the following document we inform you about the use of cookies on our website.<\/p>\n\n\n\n<ol start=\"2\" class=\"wp-block-list\">\n<li><strong>What are cookies?<\/strong><\/li>\n<\/ol>\n\n\n\n<p>A cookie is a small file that is sent along with the pages of this website and stored by your browser on the hard drive of your computer or other device. The stored information may be sent back to our servers or to appropriate third party servers during a subsequent visit.<\/p>\n\n\n\n<p>     <strong>3. What are scripts?<\/strong><\/p>\n\n\n\n<p>A script is a piece of program code that is used to make our website work correctly and interactively. This code is executed on our server or on your device.<\/p>\n\n\n\n<ol start=\"4\" class=\"wp-block-list\">\n<li><strong>What is a web beacon?<\/strong><\/li>\n<\/ol>\n\n\n\n<p>A web beacon (or pixel tag) is a small, invisible piece of text or image on a website that is used to monitor traffic on a website. To do this, various data about you is stored by these web beacons.<\/p>\n\n\n\n<p>Mediante el uso de estos dispositivos se permite al servidor Web recordar algunos datos concernientes al usuario, como sus preferencias para la visualizaci\u00f3n de las p\u00e1ginas de ese servidor, nombre y contrase\u00f1a, productos que m\u00e1s le interesan, etc.<\/p>\n\n\n\n<p><strong><em>COOKIES&nbsp;<\/em>AFECTADAS POR LA NORMATIVA Y COOKIES EXCEPTUADAS<\/strong><\/p>\n\n\n\n<p>Seg\u00fan la directiva de la UE, las&nbsp;<em>cookies&nbsp;<\/em>que requieren el consentimiento informado por parte del usuario son las&nbsp;<em>cookies&nbsp;<\/em>de anal\u00edtica y las de publicidad y afiliaci\u00f3n, quedando exceptuadas las de car\u00e1cter t\u00e9cnico y las necesarias para el funcionamiento del sitio web o la prestaci\u00f3n de servicios expresamente solicitados por el usuario.<\/p>\n\n\n\n<p><strong>TIPOS DE COOKIES<\/strong>&nbsp;<\/p>\n\n\n\n<p><strong>SEG\u00daN LA FINALIDAD<\/strong><\/p>\n\n\n\n<ul class=\"wp-block-list\">\n<li><strong><em>Cookies\u00a0<\/em>t\u00e9cnicas y funcionales<\/strong>: son aquellas que permiten al usuario la navegaci\u00f3n a trav\u00e9s de una p\u00e1gina web, plataforma o aplicaci\u00f3n y la utilizaci\u00f3n de las diferentes opciones o servicios que en ella existan<em>.<\/em>\u00a0<\/li>\n\n\n\n<li><strong><em>Cookies\u00a0<\/em>anal\u00edticas<\/strong>: son aquellas que permiten al responsable de las mismas el seguimiento y an\u00e1lisis del comportamiento de los usuarios de los sitios web a los que est\u00e1n vinculadas. La informaci\u00f3n recogida mediante este tipo de\u00a0<em>cookies<\/em>\u00a0se utiliza en la medici\u00f3n de la actividad de los sitios web, aplicaci\u00f3n o plataforma y para la elaboraci\u00f3n de perfiles de navegaci\u00f3n de los usuarios de dichos sitios, aplicaciones y plataformas, con el fin de introducir mejoras en funci\u00f3n del an\u00e1lisis de los datos de uso que hacen los usuarios del servicio.<\/li>\n\n\n\n<li><strong>Advertising cookies: <\/strong>are those that allow the management, in the most efficient way possible, of the advertising spaces that, where appropriate, the editor has included in a web page, application or platform from which the requested service is provided based on criteria. such as edited content or the frequency at which ads are shown. <\/li>\n\n\n\n<li><strong>Behavioral advertising cookies<\/strong>: they collect information about the user&#8217;s personal preferences and choices (retargeting) to allow the management, in the most efficient way possible, of the advertising spaces that, where appropriate, the editor has included on a website, application. or platform from which the requested service is provided.<\/li>\n\n\n\n<li><strong>Social Cookies: <\/strong>These are set by social media platforms on the Services to allow you to share content with your friends and networks. Social media platforms have the ability to track your online activity outside of the Services. This may affect the content and messages you see on other services you visit.<\/li>\n\n\n\n<li><strong>Affiliate cookies:<\/strong> allow you to track visits from other websites, with which the website establishes an affiliation contract (affiliate companies).<\/li>\n\n\n\n<li><strong>Security cookies:<\/strong> they store encrypted information to prevent the data stored in them from being vulnerable to malicious attacks from third parties.<\/li>\n<\/ul>\n\n\n\n<p><br><strong> <\/strong><\/p>\n\n\n\n<p><strong>ACCORDING TO THE PROPERTY<\/strong><br><br><strong>Own cookies<\/strong>: are those that are sent to the user&#8217;s terminal equipment from a computer or domain managed by the editor itself and from which the service requested by the user is provided.\u00a0<br><br><strong>Third-party cookies:<\/strong> These are those that are sent to the user&#8217;s terminal equipment from a computer or domain that is not managed by the publisher, but by another entity that processes the data obtained through cookies.<\/p>\n\n\n\n<p><strong>ACCORDING TO THE CONSERVATION PERIOD<\/strong><br><br>Session cookies: are a type of cookies designed to collect and store data while the user accesses a web page. <br>Persistent cookies: are a type of cookie in which the data continues to be stored in the terminal and can be accessed and processed for a period defined by the person responsible for the cookie, which can range from a few minutes to several years.<\/p>\n\n\n\n<p><strong>PROCESSING OF PERSONAL DATA<\/strong><br><br>CELLER CATARUZ, SL is responsible for the processing of the personal data of the Interested Party and informs you that these data will be processed in accordance with the provisions of Regulation (EU) 2016\/679, of April 27, 2016 (GDPR), by which provides you with the following treatment information:<br><br><strong>Purposes of processing<\/strong>: as specified in the cookies section used on this website.<br><br>Legitimation of the processing: except in cases where it is necessary for browsing the website, by consent of the interested party (art. 6.1.a GDPR).<br><br>Data conservation criteria: as specified in the section on cookies used on the website.<br><br><strong>Communication of data<\/strong>: data will not be communicated to third parties, except in cookies owned by third parties or by legal obligation.<br><br><strong>Rights that assist the Interested Party:<\/strong><br><br>\u2013 Right to withdraw consent at any time.<br>\u2013 Right of access, rectification, portability and deletion of your data, and limitation or opposition to its processing.<br>\u2013 Right to file a claim with the Control Authority (www.aepd.es) if you consider that the treatment does not comply with current regulations.<br><br><strong>Contact information to exercise your rights<\/strong>:<br><br>CELLER CATARUZ, SL.C\/ ALBACETE, 48 \u2013 11, \u2013 46007 VALENCIA (Val\u00e8ncia). Email: info@cellercataruz.com<br><br><strong>COOKIES USED ON THIS WEBSITE<br><br>COOKIES CONTROLLED BY THE PUBLISHER<\/strong><\/p>\n\n\n\n<p><strong>Technical and functional<\/strong><\/p>\n\n\n\n<figure class=\"wp-block-table\"><table class=\"has-fixed-layout\"><tbody><tr><td><strong>Property<\/strong><\/td><td><strong>Cookie<\/strong><\/td><td><strong>Purpose<\/strong><\/td><td><strong>Term<\/strong><\/td><\/tr><tr><td>cellercataruz.com<\/td><td><strong>__stripe_mid<\/strong><\/td><td>Cookie necessary to use the options and services of the website<\/td><td>1 YEAR<\/td><\/tr><tr><td>cellercataruz.com<\/td><td><strong>__stripe_sid<\/strong><\/td><td>Cookie necessary to use the options and services of the website<\/td><td>SESSION<\/td><\/tr><tr><td>cellercataruz.com<\/td><td><strong>age_gate<\/strong><\/td><td>Cookie necessary to use the options and services of the website<\/td><td>SESSION<\/td><\/tr><tr><td>cellercataruz.com<\/td><td><strong>moove_gdpr_popup<\/strong><\/td><td>Cookie necessary to use the options and services of the website<\/td><td>1 YEAR<\/td><\/tr><tr><td>cellercataruz.com<\/td><td><strong>sbjs_current<\/strong><\/td><td>Cookie necessary to use the options and services of the website<\/td><td>SESSION<\/td><\/tr><tr><td>cellercataruz.com<\/td><td><strong>sbjs_current_add<\/strong><\/td><td>Cookie necessary to use the options and services of the website<\/td><td>SESSION<\/td><\/tr><tr><td>cellercataruz.com<\/td><td><strong>sbjs_first<\/strong><\/td><td>Cookie necessary to use the options and services of the website<\/td><td>SESSION<\/td><\/tr><tr><td>cellercataruz.com<\/td><td><strong>sbjs_first_add<\/strong><\/td><td>Cookie necessary to use the options and services of the website<\/td><td>SESSION<\/td><\/tr><tr><td>cellercataruz.com<\/td><td><strong>sbjs_migrations<\/strong><\/td><td>Cookie necessary to use the options and services of the website<\/td><td>SESSION<\/td><\/tr><tr><td>cellercataruz.com<\/td><td><strong>sbjs_session<\/strong><\/td><td>Cookie necessary to use the options and services of the website<\/td><td>SESSION<\/td><\/tr><tr><td>cellercataruz.com<\/td><td><strong>sbjs_udata<\/strong><\/td><td>Cookie necessary to use the options and services of the website<\/td><td>SESSION<\/td><\/tr><tr><td>cellercataruz.com<\/td><td><strong>woocommerce_cart_hash<\/strong><\/td><td>Cookie necessary to use the options and services of the website<\/td><td>SESSION<\/td><\/tr><tr><td>cellercataruz.com<\/td><td><strong>woocommerce_items_in_cart<\/strong><\/td><td>Cookie necessary to use the options and services of the website<\/td><td>SESSION<\/td><\/tr><tr><td>cellercataruz.com<\/td><td><strong>wp_woocommerce_session_450509fb00bd6f581db50e9c78654b32<\/strong><\/td><td>Cookie necessary to use the options and services of the website<\/td><td>2 DAYS<\/td><\/tr><tr><td>cellercataruz.com<\/td><td><strong>wp-wpml_current_language<\/strong><\/td><td>Cookie necessary to use the options and services of the website<\/td><td>SESSION<\/td><\/tr><tr><td>google.com<\/td><td><strong>__Secure-1PAPISID<\/strong><\/td><td>Cookie necessary to use the options and services of the website<\/td><td>1 YEAR<\/td><\/tr><tr><td>google.com<\/td><td><strong>__Secure-1PSID<\/strong><\/td><td>Cookie necessary to use the options and services of the website<\/td><td>1 YEAR<\/td><\/tr><tr><td>google.com<\/td><td><strong>__Secure-1PSIDCC<\/strong><\/td><td>Cookie necessary to use the options and services of the website<\/td><td>1 YEAR<\/td><\/tr><tr><td>google.com<\/td><td><strong>__Secure-1PSIDTS<\/strong><\/td><td>Cookie necessary to use the options and services of the website<\/td><td>11 MONTHS<\/td><\/tr><tr><td>google.com<\/td><td><strong>__Secure-3PSIDCC<\/strong><\/td><td>Cookie necessary to use the options and services of the website<\/td><td>1 YEAR<\/td><\/tr><tr><td>google.com<\/td><td><strong>__Secure-3PSIDTS<\/strong><\/td><td>Cookie necessary to use the options and services of the website<\/td><td>11 MONTHS<\/td><\/tr><tr><td>google.com<\/td><td><strong>__Secure-ENID<\/strong><\/td><td>Cookie necessary to use the options and services of the website<\/td><td>12 MONTHS<\/td><\/tr><tr><td>google.com<\/td><td><strong>_GRECAPTCHA<\/strong><\/td><td>Cookie necessary to use the options and services of the website<\/td><td>22 DAYS<\/td><\/tr><tr><td>Google<\/td><td><strong>SEARCH_SAMESITE<\/strong><\/td><td>SameSite prevents the browser from sending this cookie along with cross-site requests. The main objective is to mitigate the risk of cross-origin information leakage. It also provides some protection against cross-site request forgery attacks.<\/td><td>1 MONTH<\/td><\/tr><tr><td>region1.google-analytics.com<\/td><td><strong>ar_debug<\/strong><\/td><td>Cookie necessary to use the options and services of the website<\/td><td>13 DAYS<\/td><\/tr><\/tbody><\/table><\/figure>\n\n\n\n<p><strong>Analytics<\/strong><\/p>\n\n\n\n<figure class=\"wp-block-table\"><table class=\"has-fixed-layout\"><tbody><tr><td><strong>Property<\/strong><\/td><td><strong>Cookie<\/strong><\/td><td><strong>Purpose<\/strong><\/td><td><strong>Term<\/strong><\/td><\/tr><tr><td>Google<\/td><td><strong>__Secure-3PAPISID<\/strong><\/td><td>These cookies are used to deliver ads more relevant to you and your interests.<\/td><td>1 YEAR<\/td><\/tr><tr><td>Google<\/td><td><strong>__Secure-3PSID<\/strong><\/td><td>These cookies are used to deliver ads more relevant to you and your interests.<\/td><td>1 YEAR<\/td><\/tr><\/tbody><\/table><\/figure>\n\n\n\n<p><strong>Advertising<\/strong><\/p>\n\n\n\n<figure class=\"wp-block-table\"><table class=\"has-fixed-layout\"><tbody><tr><td><strong>Property<\/strong><\/td><td><strong>Cookie<\/strong><\/td><td><strong>Purpose<\/strong><\/td><td><strong>Term<\/strong><\/td><\/tr><tr><td>Google<\/td><td><strong>APISID<\/strong><\/td><td>Download certain Google tools and save certain preferences, for example, the number of search results per sheet or activating the SafeSearch filter. Adjust the ads that appear in Google search.<\/td><td>1 YEAR<\/td><\/tr><tr><td>Google<\/td><td><strong>HSID<\/strong><\/td><td>Download certain Google tools and save certain preferences, for example, the number of search results per sheet or activating the SafeSearch filter. Adjust the ads that appear in Google search.<\/td><td>1 YEAR<\/td><\/tr><tr><td>Google<\/td><td><strong>NID<\/strong><\/td><td>These cookies are used to collect website statistics and track conversion rates and Google ad personalization.<\/td><td>7 MONTHS<\/td><\/tr><tr><td>Google<\/td><td><strong>SAPISID<\/strong><\/td><td>Download certain Google tools and save certain preferences, for example, the number of search results per sheet or activating the SafeSearch filter. Adjust the ads that appear in Google search.<\/td><td>1 YEAR<\/td><\/tr><tr><td>Google<\/td><td><strong>SID<\/strong><\/td><td>Download certain Google tools and save certain preferences, for example, the number of search results per sheet or activating the SafeSearch filter. Adjust the ads that appear in Google search.<\/td><td>1 YEAR<\/td><\/tr><tr><td>Google<\/td><td><strong>SIDCC<\/strong><\/td><td>Descargar ciertas herramientas de Google y guardar ciertas preferencias, por ejemplo, el n\u00famero de resultados de la b\u00fasqueda por hoja o la activaci\u00f3n del filtro SafeSearch. Ajusta los anuncios que aparecen en la b\u00fasqueda de Google.<\/td><td>1 YEAR<\/td><\/tr><tr><td>Google<\/td><td><strong>SSID<\/strong><\/td><td>Download certain Google tools and save certain preferences, for example the number of search results per page or activating the SafeSearch filter. Adjust the ads that appear on Google Search.<\/td><td>1 YEAR<\/td><\/tr><\/tbody><\/table><figcaption class=\"wp-element-caption\"><br><strong>THIRD PARTY COOKIES<\/strong>     Third party services are beyond the control of the publisher. Suppliers can modify their conditions of service, purpose and use of cookies, etc. at any time.<\/figcaption><\/figure>\n\n\n\n<p><strong>External providers of this website:<\/strong><\/p>\n\n\n\n<figure class=\"wp-block-table\"><table class=\"has-fixed-layout\"><tbody><tr><td><strong>Editor<\/strong><\/td><td><strong>Privacy Policy<\/strong><\/td><\/tr><tr><td>Google<\/td><td><a href=\"https:\/\/privacy.google.com\/take-control.html\" rel=\"noreferrer noopener nofollow\" target=\"_blank\">https:\/\/privacy.google.com\/take-control.html<\/a><\/td><\/tr><tr><td>Google<\/td><td><a href=\"https:\/\/safety.google\/privacy\/privacy-controls\/\" rel=\"noreferrer noopener nofollow\" target=\"_blank\">https:\/\/safety.google\/privacy\/priv<\/a><\/td><\/tr><\/tbody><\/table><\/figure>\n\n\n\n<figure class=\"wp-block-table\"><table class=\"has-fixed-layout\"><tbody><tr><td><strong> CONFIGURATION COOKIES<\/strong> <strong>PANNEL<\/strong><\/td><\/tr><\/tbody><\/table><figcaption class=\"wp-element-caption\">From this panel you can configure the cookies that the website can install in your browser, except for technical or functional cookies that are necessary for navigation and the use of the different options or services offered. Cookies panel<\/figcaption><\/figure>\n\n\n\n<p><strong>HOW TO MANAGE COOKIES FROM THE BROWSER<\/strong><\/p>\n\n\n\n<figure class=\"wp-block-table\"><table class=\"has-fixed-layout\"><tbody><tr><td><strong>Delete cookies from the device<\/strong><\/td><td>Cookies already on a device can be deleted by clearing the browser history, which deletes cookies from all websites visited. However, some saved information (for example, login data or website preferences) may also be lost.<\/td><\/tr><tr><td><strong>Manage site-specific cookies<\/strong><\/td><td>To have more precise control over site-specific cookies, users can adjust their privacy and cookie settings in the browser.<\/td><\/tr><tr><td><strong>Block cookies<\/strong><\/td><td>Although most modern browsers can be configured to prevent cookies from being placed on devices, this may require you to manually adjust certain preferences each time you visit a site or page. Additionally, some services and features may not work correctly (for example, profile logins).<\/td><\/tr><\/tbody><\/table><\/figure>\n\n\n\n<figure class=\"wp-block-table\"><table class=\"has-fixed-layout\"><tbody><tr><td><strong>HOW TO DELETE COOKIES FROM THE MOST COMMON BROWSERS<\/strong><\/td><\/tr><\/tbody><\/table><\/figure>\n\n\n\n<figure class=\"wp-block-table\"><table class=\"has-fixed-layout\"><tbody><tr><td><strong>Chrome<\/strong><\/td><td><a href=\"http:\/\/support.google.com\/chrome\/answer\/95647?hl=es\" rel=\"noreferrer noopener nofollow\" target=\"_blank\">http:\/\/support.google.com\/chrome\/answer\/95647?hl=es<\/a><\/td><\/tr><tr><td><strong>Edge<\/strong><\/td><td><a href=\"https:\/\/support.microsoft.com\/es-es\/microsoft-edge\/eliminar-las-cookies-en-microsoft-edge-63947406-40ac-c3b8-57b9-2a946a29ae09\" rel=\"noreferrer noopener nofollow\" target=\"_blank\">https:\/\/support.microsoft.com\/es-es\/microsoft-edge\/eliminar-las-cookies-en-microsoft-edge-63947406-40ac-c3b8-57b9-2a946a29ae09<\/a><\/td><\/tr><tr><td><strong>Explorer<\/strong><\/td><td><a href=\"https:\/\/support.microsoft.com\/es-es\/help\/278835\/how-to-delete-cookie-files-in-internet-explorer\" rel=\"noreferrer noopener nofollow\" target=\"_blank\">https:\/\/support.microsoft.com\/es-es\/help\/278835\/how-to-delete-cookie-files-in-internet-explorer<\/a><\/td><\/tr><tr><td><strong>Firefox&nbsp;<\/strong><\/td><td><a href=\"https:\/\/www.mozilla.org\/es-ES\/privacy\/websites\/#cookies\" rel=\"noreferrer noopener nofollow\" target=\"_blank\">https:\/\/www.mozilla.org\/es-ES\/privacy\/websites\/#cookies<\/a><\/td><\/tr><tr><td><strong>Safari<\/strong><\/td><td><a href=\"https:\/\/support.apple.com\/es-es\/guide\/safari\/sfri11471\/mac\" rel=\"noreferrer noopener nofollow\" target=\"_blank\">https:\/\/support.apple.com\/es-es\/guide\/safari\/sfri11471\/mac<\/a><\/td><\/tr><tr><td><strong>Opera<\/strong><\/td><td><a href=\"https:\/\/help.opera.com\/en\/latest\/security-and-privacy\/#clearBrowsingData\" rel=\"noreferrer noopener nofollow\" target=\"_blank\">https:\/\/help.opera.com\/en\/latest\/security-and-privacy\/#clearBrowsingData<\/a><\/td><\/tr><\/tbody><\/table><\/figure>\n","protected":false},"excerpt":{"rendered":"<p>COOKIE POLICY (EU) This cookie policy was last updated on 7 March 2022 and applies to citizens and permanent legal residents of the European Economic Area. Our website, www.cellercataruz.com (hereinafter: \u2018the Website\u2019) uses cookies and other related technologies (for convenience, all technologies are referred to as \u2018cookies\u2019). Cookies are also placed by third parties with [&hellip;]<\/p>\n","protected":false},"author":1,"featured_media":0,"parent":0,"menu_order":0,"comment_status":"closed","ping_status":"closed","template":"","meta":{"_gspb_post_css":"","ocean_post_layout":"","ocean_both_sidebars_style":"","ocean_both_sidebars_content_width":0,"ocean_both_sidebars_sidebars_width":0,"ocean_sidebar":"0","ocean_second_sidebar":"0","ocean_disable_margins":"enable","ocean_add_body_class":"","ocean_shortcode_before_top_bar":"","ocean_shortcode_after_top_bar":"","ocean_shortcode_before_header":"","ocean_shortcode_after_header":"","ocean_has_shortcode":"","ocean_shortcode_after_title":"","ocean_shortcode_before_footer_widgets":"","ocean_shortcode_after_footer_widgets":"","ocean_shortcode_before_footer_bottom":"","ocean_shortcode_after_footer_bottom":"","ocean_display_top_bar":"default","ocean_display_header":"default","ocean_header_style":"","ocean_center_header_left_menu":"0","ocean_custom_header_template":"0","ocean_custom_logo":0,"ocean_custom_retina_logo":0,"ocean_custom_logo_max_width":0,"ocean_custom_logo_tablet_max_width":0,"ocean_custom_logo_mobile_max_width":0,"ocean_custom_logo_max_height":0,"ocean_custom_logo_tablet_max_height":0,"ocean_custom_logo_mobile_max_height":0,"ocean_header_custom_menu":"0","ocean_menu_typo_font_family":"0","ocean_menu_typo_font_subset":"","ocean_menu_typo_font_size":0,"ocean_menu_typo_font_size_tablet":0,"ocean_menu_typo_font_size_mobile":0,"ocean_menu_typo_font_size_unit":"px","ocean_menu_typo_font_weight":"","ocean_menu_typo_font_weight_tablet":"","ocean_menu_typo_font_weight_mobile":"","ocean_menu_typo_transform":"","ocean_menu_typo_transform_tablet":"","ocean_menu_typo_transform_mobile":"","ocean_menu_typo_line_height":0,"ocean_menu_typo_line_height_tablet":0,"ocean_menu_typo_line_height_mobile":0,"ocean_menu_typo_line_height_unit":"","ocean_menu_typo_spacing":0,"ocean_menu_typo_spacing_tablet":0,"ocean_menu_typo_spacing_mobile":0,"ocean_menu_typo_spacing_unit":"","ocean_menu_link_color":"","ocean_menu_link_color_hover":"","ocean_menu_link_color_active":"","ocean_menu_link_background":"","ocean_menu_link_hover_background":"","ocean_menu_link_active_background":"","ocean_menu_social_links_bg":"","ocean_menu_social_hover_links_bg":"","ocean_menu_social_links_color":"","ocean_menu_social_hover_links_color":"","ocean_disable_title":"default","ocean_disable_heading":"default","ocean_post_title":"","ocean_post_subheading":"","ocean_post_title_style":"","ocean_post_title_background_color":"","ocean_post_title_background":0,"ocean_post_title_bg_image_position":"","ocean_post_title_bg_image_attachment":"","ocean_post_title_bg_image_repeat":"","ocean_post_title_bg_image_size":"","ocean_post_title_height":0,"ocean_post_title_bg_overlay":0.5,"ocean_post_title_bg_overlay_color":"","ocean_disable_breadcrumbs":"default","ocean_breadcrumbs_color":"","ocean_breadcrumbs_separator_color":"","ocean_breadcrumbs_links_color":"","ocean_breadcrumbs_links_hover_color":"","ocean_display_footer_widgets":"default","ocean_display_footer_bottom":"default","ocean_custom_footer_template":"0","footnotes":""},"class_list":["post-445","page","type-page","status-publish","hentry","entry","owp-thumbs-layout-vertical","owp-btn-big","owp-tabs-layout-horizontal","has-no-thumbnails","has-product-nav"],"_links":{"self":[{"href":"https:\/\/cellercataruz.com\/en\/wp-json\/wp\/v2\/pages\/445","targetHints":{"allow":["GET"]}}],"collection":[{"href":"https:\/\/cellercataruz.com\/en\/wp-json\/wp\/v2\/pages"}],"about":[{"href":"https:\/\/cellercataruz.com\/en\/wp-json\/wp\/v2\/types\/page"}],"author":[{"embeddable":true,"href":"https:\/\/cellercataruz.com\/en\/wp-json\/wp\/v2\/users\/1"}],"replies":[{"embeddable":true,"href":"https:\/\/cellercataruz.com\/en\/wp-json\/wp\/v2\/comments?post=445"}],"version-history":[{"count":0,"href":"https:\/\/cellercataruz.com\/en\/wp-json\/wp\/v2\/pages\/445\/revisions"}],"wp:attachment":[{"href":"https:\/\/cellercataruz.com\/en\/wp-json\/wp\/v2\/media?parent=445"}],"curies":[{"name":"wp","href":"https:\/\/api.w.org\/{rel}","templated":true}]}}